{"id":1140,"date":"2021-05-11T17:26:30","date_gmt":"2021-05-11T17:26:30","guid":{"rendered":"https:\/\/neu.in-edv.de\/?page_id=1140"},"modified":"2022-02-20T12:54:27","modified_gmt":"2022-02-20T12:54:27","slug":"information-technology-home","status":"publish","type":"page","link":"https:\/\/www.in-edv.de\/","title":{"rendered":"Information Technology Home"},"content":{"rendered":"<p><div class=\"fusion-fullwidth fullwidth-box fusion-builder-row-1 fusion-flex-container fusion-parallax-none nonhundred-percent-fullwidth non-hundred-percent-height-scrolling lazyload\" style=\"--awb-border-radius-top-left:0px;--awb-border-radius-top-right:0px;--awb-border-radius-bottom-right:0px;--awb-border-radius-bottom-left:0px;--awb-padding-top:160px;--awb-padding-bottom:95px;--awb-background-color:#6239bd;--awb-background-size:cover;--awb-flex-wrap:wrap;\" data-bg=\"https:\/\/www.in-edv.de\/wp-content\/uploads\/2016\/11\/avada-it-section-bg.png\" ><div class=\"fusion-builder-row fusion-row fusion-flex-align-items-flex-start fusion-flex-content-wrap\" style=\"max-width:1216.8px;margin-left: calc(-4% \/ 2 );margin-right: calc(-4% \/ 2 );\"><div class=\"fusion-layout-column fusion_builder_column fusion-builder-column-0 fusion_builder_column_1_2 1_2 fusion-flex-column\" style=\"--awb-bg-blend:overlay;--awb-bg-size:cover;--awb-width-large:50%;--awb-margin-top-large:0px;--awb-spacing-right-large:6.72%;--awb-margin-bottom-large:40px;--awb-spacing-left-large:3.84%;--awb-width-medium:100%;--awb-spacing-right-medium:1.92%;--awb-spacing-left-medium:1.92%;--awb-width-small:100%;--awb-spacing-right-small:1.92%;--awb-spacing-left-small:1.92%;\"><div class=\"fusion-column-wrapper fusion-flex-justify-content-center fusion-content-layout-column\"><div class=\"fusion-title title fusion-title-1 fusion-title-text fusion-title-size-two\" style=\"--awb-text-color:#ffffff;--awb-margin-top-small:0px;--awb-margin-right-small:0px;--awb-margin-bottom-small:20px;--awb-margin-left-small:0px;\"><div class=\"title-sep-container title-sep-container-left fusion-no-large-visibility fusion-no-medium-visibility fusion-no-small-visibility\"><div class=\"title-sep sep- sep-solid\" style=\"border-color:#edeef2;\"><\/div><\/div><span class=\"awb-title-spacer fusion-no-large-visibility fusion-no-medium-visibility fusion-no-small-visibility\"><\/span><h2 class=\"fusion-title-heading title-heading-left fusion-responsive-typography-calculated\" style=\"margin:0;--fontSize:65;line-height:1.0;\">WIE WIR IHNEN HELFEN<\/h2><span class=\"awb-title-spacer\"><\/span><div class=\"title-sep-container title-sep-container-right\"><div class=\"title-sep sep- sep-solid\" style=\"border-color:#edeef2;\"><\/div><\/div><\/div><div class=\"fusion-separator\" style=\"align-self: flex-start;margin-right:auto;margin-bottom:50px;width:100%;max-width:100px;\"><div class=\"fusion-separator-border sep-single sep-solid\" style=\"--awb-height:20px;--awb-amount:20px;--awb-sep-color:#74c5da;border-color:#74c5da;border-top-width:4px;\"><\/div><\/div><div class=\"fusion-text fusion-text-1\" style=\"--awb-text-transform:none;\"><p style=\"color: #ffffff;\">Unsere digitale Welt bietet uns sehr viele verschiedene M\u00f6glichkeiten. So viele, dass wir nicht immer alle \u00fcberblicken k\u00f6nnen. Leider k\u00f6nnen wir nur Entscheidungen f\u00fcr gute L\u00f6sungen treffen, wenn wir m\u00f6glichst alle Bedingungen und M\u00f6glichkeiten kennen.<\/p>\n<p style=\"color: #ffffff;\">Sie haben das Gef\u00fchl &#8222;da muss es doch etwas geben&#8220; oder w\u00fcnschen sich einfach Beratung? Wir analysieren Ihre <span style=\"font-family: var(--body_typography-font-family); font-size: var(--body_typography-font-size); font-style: var(--body_typography-font-style,normal); letter-spacing: var(--body_typography-letter-spacing);\">Situation und finden die f\u00fcr Sie und Ihren Geldbeutel passende L\u00f6sung.<\/span><\/p>\n<p style=\"color: #ffffff;\">Ihre Kollegen oder Mitarbeiter arbeiten von verschiedenen Standorten aber eigentlich gemeinsam an einem Thema? Hier gibt es viele sch\u00f6ne Online-Tools, die diese Arbeitsweise unterst\u00fctzen oder sogar f\u00f6rdern.<\/p>\n<p style=\"color: #ffffff;\">Ihre Bilder, Dokumente, Erinnerungen oder Kunden- und Abrechnungsdaten. Nichts sollte verloren gehen. Ein vern\u00fcnftiges Sicherungskonzept sorgt f\u00fcr den Erhalt in Extremf\u00e4llen, wie Ger\u00e4teverlust oder Festplattencrash.<\/p>\n<p style=\"color: #ffffff;\">Sie m\u00f6chten, dass ihre Kinder beim Surfen im Netz gesch\u00fctzt sind und es mit den verschiedenen elektronischen Ger\u00e4ten &#8222;nicht \u00fcbertreiben&#8220;? \u00dcber die Einstellung an dem Ger\u00e4t selber (z.B. iPhone \/ iPad) und der Kontrolle dar\u00fcber von ihrem eigenen Ger\u00e4t aus bis hin zur Einrichtung von bestimmten WLAN-Zeiten unterst\u00fctzen wir Sie.<\/p>\n<\/div><\/div><\/div><div class=\"fusion-layout-column fusion_builder_column fusion-builder-column-1 fusion_builder_column_1_2 1_2 fusion-flex-column\" style=\"--awb-bg-blend:overlay;--awb-bg-size:cover;--awb-width-large:50%;--awb-margin-top-large:0px;--awb-spacing-right-large:3.84%;--awb-margin-bottom-large:0px;--awb-spacing-left-large:6.72%;--awb-width-medium:100%;--awb-spacing-right-medium:1.92%;--awb-spacing-left-medium:1.92%;--awb-width-small:100%;--awb-spacing-right-small:1.92%;--awb-spacing-left-small:1.92%;\"><div class=\"fusion-column-wrapper fusion-flex-justify-content-center fusion-content-layout-column\"><div class=\"fusion-content-boxes content-boxes columns row fusion-columns-1 fusion-columns-total-5 fusion-content-boxes-1 content-boxes-timeline-vertical content-left content-boxes-timeline-layout content-boxes-icon-with-title fusion-delayed-animation\" style=\"--awb-hover-accent-color:#d936b5;--awb-circle-hover-accent-color:#d936b5;--awb-item-margin-bottom:40px;\" data-animation-delay=\"350\" data-animationOffset=\"top-mid-of-view\"><div style=\"--awb-backgroundcolor:rgba(255,255,255,0);--awb-content-padding-left:86px;\" class=\"fusion-column content-box-column content-box-column content-box-column-1 col-lg-12 col-md-12 col-sm-12 fusion-content-box-hover content-box-column-last-in-row\"><div class=\"col content-box-wrapper content-wrapper link-area-box link-type-text content-icon-wrapper-yes icon-wrapper-hover-animation-pulsate fusion-animated\" data-link=\"https:\/\/www.in-edv.de\/index.php\/dienstleistungen\/\" data-link-target=\"_self\" data-animationType=\"fadeIn\" data-animationDuration=\"0.25\" data-animationOffset=\"top-mid-of-view\"><div class=\"heading heading-with-icon icon-left\" style=\"margin-top:18px;\"><a class=\"heading-link\" href=\"https:\/\/www.in-edv.de\/index.php\/dienstleistungen\/\" target=\"_self\"><div class=\"icon\" style=\"margin-top:-18px;margin-bottom:-18px;-webkit-animation-duration: 350ms;animation-duration: 350ms;\"><span style=\"height:62px;width:62px;line-height:37px;border-color:#74c5da;border-width:2px;border-style:solid;background-color:#472d9a;margin-right:20px;box-sizing:content-box;border-radius:50%;\"><i style=\"border-color:#472d9a;border-width:6px;background-color:#74c5da;box-sizing:content-box;height:50px;width:50px;line-height:50px;border-radius:50%;position:relative;top:auto;left:auto;margin:0;border-radius:50%;font-size:25px;\" aria-hidden=\"true\" class=\"fontawesome-icon information-technology-cloud-upload-alt circle-yes\"><\/i><\/span><\/div><h2 class=\"content-box-heading fusion-responsive-typography-calculated\" style=\"--h2_typography-font-size:30px;--fontSize:30;line-height:1.0;\">DIGITALES ZUSAMMENARBEITEN<\/h2><\/a><\/div><div class=\"fusion-clearfix\"><\/div><div class=\"content-container\">\n<p>Wie arbeite ich mit meinen Mitarbeitern \/ Kollegen gemeinsam an einem Projekt? Welche M\u00f6glichkeiten bieten die aktuellen Techniken? Wir suchen f\u00fcr Sie die passenden Programme und Methoden.<\/p>\n<\/div><div class=\"content-box-shortcode-timeline-vertical\" style=\"border-color:#74c5da;left:48px;top:33px;-webkit-transition-duration: 350ms;animation-duration: 350ms;\"><\/div><\/div><\/div><div style=\"--awb-backgroundcolor:rgba(255,255,255,0);--awb-content-padding-left:86px;\" class=\"fusion-column content-box-column content-box-column content-box-column-2 col-lg-12 col-md-12 col-sm-12 fusion-content-box-hover content-box-column-last-in-row\"><div class=\"col content-box-wrapper content-wrapper link-area-box link-type-text content-icon-wrapper-yes icon-wrapper-hover-animation-pulsate fusion-animated\" data-link=\"https:\/\/www.in-edv.de\/index.php\/dienstleistungen\/\" data-link-target=\"_self\" data-animationType=\"fadeIn\" data-animationDuration=\"0.25\" data-animationOffset=\"top-mid-of-view\"><div class=\"heading heading-with-icon icon-left\" style=\"margin-top:18px;\"><a class=\"heading-link\" href=\"https:\/\/www.in-edv.de\/index.php\/dienstleistungen\/\" target=\"_self\"><div class=\"icon\" style=\"margin-top:-18px;margin-bottom:-18px;-webkit-animation-duration: 350ms;animation-duration: 350ms;\"><span style=\"height:62px;width:62px;line-height:37px;border-color:#74c5da;border-width:2px;border-style:solid;background-color:#472d9a;margin-right:20px;box-sizing:content-box;border-radius:50%;\"><i style=\"border-color:#472d9a;border-width:6px;background-color:#74c5da;box-sizing:content-box;height:50px;width:50px;line-height:50px;border-radius:50%;position:relative;top:auto;left:auto;margin:0;border-radius:50%;font-size:25px;\" aria-hidden=\"true\" class=\"fontawesome-icon information-technology-server circle-yes\"><\/i><\/span><\/div><h2 class=\"content-box-heading fusion-responsive-typography-calculated\" style=\"--h2_typography-font-size:30px;--fontSize:30;line-height:1.0;\">DATENSICHERUNG & BACKUP<\/h2><\/a><\/div><div class=\"fusion-clearfix\"><\/div><div class=\"content-container\">\n<p>Unsere Daten sind unser Leben. Dementsprechend m\u00fcssen sie gesch\u00fctzt werden. Ein vern\u00fcnftiges BackUp-System sorgt f\u00fcr den Erhalt bei einem Crash oder Verlust von Ger\u00e4ten.<\/p>\n<\/div><div class=\"content-box-shortcode-timeline-vertical\" style=\"border-color:#74c5da;left:48px;top:33px;-webkit-transition-duration: 350ms;animation-duration: 350ms;\"><\/div><\/div><\/div><div style=\"--awb-backgroundcolor:rgba(255,255,255,0);--awb-content-padding-left:86px;\" class=\"fusion-column content-box-column content-box-column content-box-column-3 col-lg-12 col-md-12 col-sm-12 fusion-content-box-hover content-box-column-last-in-row\"><div class=\"col content-box-wrapper content-wrapper link-area-box link-type-text content-icon-wrapper-yes icon-wrapper-hover-animation-pulsate fusion-animated\" data-link=\"https:\/\/www.in-edv.de\/index.php\/dienstleistungen\/\" data-link-target=\"_self\" data-animationType=\"fadeIn\" data-animationDuration=\"0.25\" data-animationOffset=\"top-mid-of-view\"><div class=\"heading heading-with-icon icon-left\" style=\"margin-top:18px;\"><a class=\"heading-link\" href=\"https:\/\/www.in-edv.de\/index.php\/dienstleistungen\/\" target=\"_self\"><div class=\"icon\" style=\"margin-top:-18px;margin-bottom:-18px;-webkit-animation-duration: 350ms;animation-duration: 350ms;\"><span style=\"height:62px;width:62px;line-height:37px;border-color:#74c5da;border-width:2px;border-style:solid;background-color:#472d9a;margin-right:20px;box-sizing:content-box;border-radius:50%;\"><i style=\"border-color:#472d9a;border-width:6px;background-color:#74c5da;box-sizing:content-box;height:50px;width:50px;line-height:50px;border-radius:50%;position:relative;top:auto;left:auto;margin:0;border-radius:50%;font-size:25px;\" aria-hidden=\"true\" class=\"fontawesome-icon information-technology-signal circle-yes\"><\/i><\/span><\/div><h2 class=\"content-box-heading fusion-responsive-typography-calculated\" style=\"--h2_typography-font-size:30px;--fontSize:30;line-height:1.0;\">(WLAN) NETZWERKE<\/h2><\/a><\/div><div class=\"fusion-clearfix\"><\/div><div class=\"content-container\">\n<p>Egal wo sie sich im Haus oder auf dem Grundst\u00fcck befinden und mit welchem Ger\u00e4t Sie unterwegs sind, sie freuen sich \u00fcber eine stabile WLAN-Anbindung. Aber auch beim Planen \/ Einrichten von LAN-Verkabelungen unterst\u00fctzen wir Sie gerne.<\/p>\n<\/div><div class=\"content-box-shortcode-timeline-vertical\" style=\"border-color:#74c5da;left:48px;top:33px;-webkit-transition-duration: 350ms;animation-duration: 350ms;\"><\/div><\/div><\/div><div style=\"--awb-backgroundcolor:rgba(255,255,255,0);--awb-content-padding-left:86px;\" class=\"fusion-column content-box-column content-box-column content-box-column-4 col-lg-12 col-md-12 col-sm-12 fusion-content-box-hover content-box-column-last-in-row\"><div class=\"col content-box-wrapper content-wrapper link-area-box link-type-text content-icon-wrapper-yes icon-wrapper-hover-animation-pulsate fusion-animated\" data-link=\"https:\/\/www.in-edv.de\/index.php\/dienstleistungen\/\" data-link-target=\"_self\" data-animationType=\"fadeIn\" data-animationDuration=\"0.25\" data-animationOffset=\"top-mid-of-view\"><div class=\"heading heading-with-icon icon-left\" style=\"margin-top:18px;\"><a class=\"heading-link\" href=\"https:\/\/www.in-edv.de\/index.php\/dienstleistungen\/\" target=\"_self\"><div class=\"icon\" style=\"margin-top:-18px;margin-bottom:-18px;-webkit-animation-duration: 350ms;animation-duration: 350ms;\"><span style=\"height:62px;width:62px;line-height:37px;border-color:#74c5da;border-width:2px;border-style:solid;background-color:#472d9a;margin-right:20px;box-sizing:content-box;border-radius:50%;\"><i style=\"border-color:#472d9a;border-width:6px;background-color:#74c5da;box-sizing:content-box;height:50px;width:50px;line-height:50px;border-radius:50%;position:relative;top:auto;left:auto;margin:0;border-radius:50%;font-size:25px;\" aria-hidden=\"true\" class=\"fontawesome-icon information-technology-globe circle-yes\"><\/i><\/span><\/div><h2 class=\"content-box-heading fusion-responsive-typography-calculated\" style=\"--h2_typography-font-size:30px;--fontSize:30;line-height:1.0;\">WEBHOSTING<\/h2><\/a><\/div><div class=\"fusion-clearfix\"><\/div><div class=\"content-container\">\n<p>Den richtigen Partner zu finden und nicht einfach nur den &#8222;billigsten&#8220; kann schon eine Aufgabe bei den vielen Angeboten sein. Wir nehmen Ihre Bedarfe auf und finden den passenden Partner.<\/p>\n<\/div><div class=\"content-box-shortcode-timeline-vertical\" style=\"border-color:#74c5da;left:48px;top:33px;-webkit-transition-duration: 350ms;animation-duration: 350ms;\"><\/div><\/div><\/div><div style=\"--awb-backgroundcolor:rgba(255,255,255,0);--awb-content-padding-left:86px;\" class=\"fusion-column content-box-column content-box-column content-box-column-5 col-lg-12 col-md-12 col-sm-12 fusion-content-box-hover content-box-column-last content-box-column-last-in-row\"><div class=\"col content-box-wrapper content-wrapper link-area-box link-type-text content-icon-wrapper-yes icon-wrapper-hover-animation-pulsate fusion-animated\" data-link=\"https:\/\/www.in-edv.de\/index.php\/kinder-sicherheit\/\" data-link-target=\"_self\" data-animationType=\"fadeIn\" data-animationDuration=\"0.25\" data-animationOffset=\"top-mid-of-view\"><div class=\"heading heading-with-icon icon-left\" style=\"margin-top:18px;\"><a class=\"heading-link\" href=\"https:\/\/www.in-edv.de\/index.php\/kinder-sicherheit\/\" target=\"_self\"><div class=\"icon\" style=\"margin-top:-18px;margin-bottom:-18px;-webkit-animation-duration: 350ms;animation-duration: 350ms;\"><span style=\"height:62px;width:62px;line-height:37px;border-color:#74c5da;border-width:2px;border-style:solid;background-color:#472d9a;margin-right:20px;box-sizing:content-box;border-radius:50%;\"><i style=\"border-color:#472d9a;border-width:6px;background-color:#74c5da;box-sizing:content-box;height:50px;width:50px;line-height:50px;border-radius:50%;position:relative;top:auto;left:auto;margin:0;border-radius:50%;font-size:25px;\" aria-hidden=\"true\" class=\"fontawesome-icon fa-child fas circle-yes\"><\/i><\/span><\/div><h2 class=\"content-box-heading fusion-responsive-typography-calculated\" style=\"--h2_typography-font-size:30px;--fontSize:30;line-height:1.0;\">KINDERSCHUTZ<\/h2><\/a><\/div><div class=\"fusion-clearfix\"><\/div><div class=\"content-container\">\n<p>Der Schutz unserer Kinder h\u00f6rt nicht bei der Nutzung der vielen verschiedenen elektronischen Ger\u00e4ten auf, sondern f\u00e4ngt hier erst an. Es lauern viele Gefahren durch die Nutzung dieser Ger\u00e4te im Internet. Wir helfen Ihnen Ihre Kinder zu sch\u00fctzen.<\/p>\n<\/div><div class=\"content-box-shortcode-timeline-vertical\" style=\"border-color:#74c5da;left:48px;top:33px;-webkit-transition-duration: 350ms;animation-duration: 350ms;\"><\/div><\/div><\/div><div class=\"fusion-clearfix\"><\/div><\/div><\/div><\/div><\/div><\/div><div class=\"fusion-fullwidth fullwidth-box fusion-builder-row-2 fusion-flex-container fusion-parallax-none hundred-percent-fullwidth non-hundred-percent-height-scrolling lazyload\" style=\"--awb-background-position:center bottom;--awb-border-radius-top-left:0px;--awb-border-radius-top-right:0px;--awb-border-radius-bottom-right:0px;--awb-border-radius-bottom-left:0px;--awb-padding-top:130px;--awb-padding-right:10%;--awb-padding-bottom:130px;--awb-padding-left:10%;--awb-background-size:cover;--awb-flex-wrap:wrap;\" data-bg=\"https:\/\/www.in-edv.de\/wp-content\/uploads\/2016\/10\/it_graph-1.jpg\" ><div class=\"fusion-builder-row fusion-row fusion-flex-align-items-flex-start fusion-flex-content-wrap\" style=\"width:104% !important;max-width:104% !important;margin-left: calc(-4% \/ 2 );margin-right: calc(-4% \/ 2 );\"><div class=\"fusion-layout-column fusion_builder_column fusion-builder-column-2 fusion_builder_column_1_2 1_2 fusion-flex-column\" style=\"--awb-padding-bottom:50px;--awb-bg-blend:overlay;--awb-bg-size:cover;--awb-width-large:50%;--awb-margin-top-large:2%;--awb-spacing-right-large:4.8%;--awb-margin-bottom-large:4%;--awb-spacing-left-large:3.84%;--awb-width-medium:100%;--awb-spacing-right-medium:1.92%;--awb-spacing-left-medium:1.92%;--awb-width-small:100%;--awb-spacing-right-small:1.92%;--awb-spacing-left-small:1.92%;\"><div class=\"fusion-column-wrapper fusion-flex-justify-content-center fusion-content-layout-column\"><div class=\"fusion-title title fusion-title-2 fusion-title-text fusion-title-size-two\" style=\"--awb-margin-top-small:0px;--awb-margin-right-small:0px;--awb-margin-bottom-small:20px;--awb-margin-left-small:0px;\"><div class=\"title-sep-container title-sep-container-left fusion-no-large-visibility fusion-no-medium-visibility fusion-no-small-visibility\"><div class=\"title-sep sep- sep-solid\" style=\"border-color:#edeef2;\"><\/div><\/div><span class=\"awb-title-spacer fusion-no-large-visibility fusion-no-medium-visibility fusion-no-small-visibility\"><\/span><h2 class=\"fusion-title-heading title-heading-left fusion-responsive-typography-calculated\" style=\"margin:0;--fontSize:65;line-height:1.0;\">KINDERSCHUTZ<\/h2><span class=\"awb-title-spacer\"><\/span><div class=\"title-sep-container title-sep-container-right\"><div class=\"title-sep sep- sep-solid\" style=\"border-color:#edeef2;\"><\/div><\/div><\/div><div class=\"fusion-separator\" style=\"align-self: flex-start;margin-right:auto;margin-bottom:50px;width:100%;max-width:100px;\"><div class=\"fusion-separator-border sep-single sep-solid\" style=\"--awb-height:20px;--awb-amount:20px;--awb-sep-color:#74c5da;border-color:#74c5da;border-top-width:4px;\"><\/div><\/div><div class=\"fusion-text fusion-text-2\"><p>Unsere Kinder wachsen direkt mit der Nutzung von verschiedenen digitalen Medien auf. Alexa, iPhone, iPad, iPod und so weiter. Alles m\u00f6gliche ist vernetzt. Es wird gestreamt bis der Arzt kommt.<\/p>\n<p>Ist das gut? Wollen Sie das so? Wo sollten die Grenzen gezogen werden, und wie anstrengend wird es, dieses zu kontrollieren und einzuhalten?<\/p>\n<p>Hier sind nervenschonende und gleichzeitig sicher und einfach konfigurierbare L\u00f6sungen notwendig.<\/p>\n<\/div><div class=\"fusion-separator\" style=\"align-self: center;margin-left: auto;margin-right: auto;margin-top:25px;width:100%;max-width:100px;\"><\/div><div class=\"fusion-content-boxes content-boxes columns row fusion-columns-2 fusion-columns-total-0 fusion-content-boxes-2 content-boxes-icon-with-title content-left fusion-delayed-animation\" style=\"--awb-body-color:#768894;--awb-title-color:#092933;--awb-margin-bottom:10px;--awb-hover-accent-color:#d936b5;--awb-circle-hover-accent-color:#d936b5;\" data-animation-delay=\"2000\" data-animationOffset=\"top-mid-of-view\"><div class=\"fusion-clearfix\"><\/div><\/div><div ><a class=\"fusion-button button-flat button-xlarge button-default fusion-button-default button-1 fusion-button-default-span fusion-button-default-type\" target=\"_self\" href=\"https:\/\/www.in-edv.de\/index.php\/kinder-sicherheit\/\"><span class=\"fusion-button-text awb-button__text awb-button__text--default\">Jetzt Sicherheit gew\u00e4hrleisten<\/span><\/a><\/div><\/div><\/div><div class=\"fusion-layout-column fusion_builder_column fusion-builder-column-3 fusion_builder_column_1_2 1_2 fusion-flex-column\" style=\"--awb-bg-blend:overlay;--awb-bg-size:cover;--awb-width-large:50%;--awb-margin-top-large:0px;--awb-spacing-right-large:3.84%;--awb-margin-bottom-large:0px;--awb-spacing-left-large:4.8%;--awb-width-medium:100%;--awb-spacing-right-medium:1.92%;--awb-spacing-left-medium:1.92%;--awb-width-small:100%;--awb-spacing-right-small:1.92%;--awb-spacing-left-small:1.92%;\"><div class=\"fusion-column-wrapper fusion-flex-justify-content-center fusion-content-layout-column\"><div class=\"fusion-image-element \" style=\"text-align:center;--awb-liftup-border-radius:0px;--awb-caption-title-font-family:var(--h2_typography-font-family);--awb-caption-title-font-weight:var(--h2_typography-font-weight);--awb-caption-title-font-style:var(--h2_typography-font-style);--awb-caption-title-size:var(--h2_typography-font-size);--awb-caption-title-transform:var(--h2_typography-text-transform);--awb-caption-title-line-height:var(--h2_typography-line-height);--awb-caption-title-letter-spacing:var(--h2_typography-letter-spacing);\"><div class=\"awb-image-frame awb-image-frame-1 imageframe-liftup fusion-animated\" data-animationType=\"zoomInUp\" data-animationDuration=\"1.0\" data-animationOffset=\"top-mid-of-view\"><span class=\" fusion-imageframe imageframe-none imageframe-1\"><a href=\"https:\/\/www.in-edv.de\/wp-content\/uploads\/2016\/10\/iPad-Pro-Space-Silver.png\" class=\"fusion-lightbox\" data-rel=\"iLightbox[1809fe472ceecb2f85c]\" data-title=\"iPad-Pro-Space-Silver\" title=\"iPad-Pro-Space-Silver\"><img decoding=\"async\" width=\"525\" height=\"728\" src=\"data:image\/svg+xml,%3Csvg%20xmlns%3D%27http%3A%2F%2Fwww.w3.org%2F2000%2Fsvg%27%20width%3D%27525%27%20height%3D%27728%27%20viewBox%3D%270%200%20525%20728%27%3E%3Crect%20width%3D%27525%27%20height%3D%27728%27%20fill-opacity%3D%220%22%2F%3E%3C%2Fsvg%3E\" data-orig-src=\"https:\/\/www.in-edv.de\/wp-content\/uploads\/2016\/10\/iPad-Pro-Space-Silver.png\" alt class=\"lazyload img-responsive wp-image-795\"\/><\/a><\/span><\/div><\/div><\/div><\/div><\/div><\/div><\/p>\n","protected":false},"excerpt":{"rendered":"","protected":false},"author":1,"featured_media":0,"parent":0,"menu_order":0,"comment_status":"closed","ping_status":"closed","template":"100-width.php","meta":{"_acf_changed":false,"footnotes":""},"class_list":["post-1140","page","type-page","status-publish","hentry"],"acf":[],"_links":{"self":[{"href":"https:\/\/www.in-edv.de\/index.php\/wp-json\/wp\/v2\/pages\/1140","targetHints":{"allow":["GET"]}}],"collection":[{"href":"https:\/\/www.in-edv.de\/index.php\/wp-json\/wp\/v2\/pages"}],"about":[{"href":"https:\/\/www.in-edv.de\/index.php\/wp-json\/wp\/v2\/types\/page"}],"author":[{"embeddable":true,"href":"https:\/\/www.in-edv.de\/index.php\/wp-json\/wp\/v2\/users\/1"}],"replies":[{"embeddable":true,"href":"https:\/\/www.in-edv.de\/index.php\/wp-json\/wp\/v2\/comments?post=1140"}],"version-history":[{"count":31,"href":"https:\/\/www.in-edv.de\/index.php\/wp-json\/wp\/v2\/pages\/1140\/revisions"}],"predecessor-version":[{"id":1464,"href":"https:\/\/www.in-edv.de\/index.php\/wp-json\/wp\/v2\/pages\/1140\/revisions\/1464"}],"wp:attachment":[{"href":"https:\/\/www.in-edv.de\/index.php\/wp-json\/wp\/v2\/media?parent=1140"}],"curies":[{"name":"wp","href":"https:\/\/api.w.org\/{rel}","templated":true}]}}